{"id":2433,"date":"2022-11-01T09:56:13","date_gmt":"2022-11-01T09:56:13","guid":{"rendered":"https:\/\/t-craft.ee\/?page_id=2433"},"modified":"2023-08-28T11:26:30","modified_gmt":"2023-08-28T11:26:30","slug":"esileht-2","status":"publish","type":"page","link":"https:\/\/t-craft.ee\/sv\/","title":{"rendered":"Hem"},"content":{"rendered":"","protected":false},"excerpt":{"rendered":"","protected":false},"author":1,"featured_media":0,"parent":0,"menu_order":0,"comment_status":"closed","ping_status":"closed","template":"","meta":{"footnotes":""},"yoast_head":"<!-- This site is optimized with the Yoast SEO plugin v21.0 - https:\/\/yoast.com\/wordpress\/plugins\/seo\/ -->\n<title>T-CRAFT \u00e4r ett ungt f\u00f6retag, \u00e4ven om vi har b\u00f6rjat arbeta med st\u00e5lkonstruktioner med start i Storbritannien \u00e5r 2011.<\/title>\n<meta name=\"description\" content=\"V\u00e5rt team har utf\u00f6rt produktions- och konstruktionsarbeten \u00f6ver hela Skandinavien. V\u00e5ra medarbetare kan visa upp m\u00e5nga \u00e5r av erfarenhet.\" \/>\n<meta name=\"robots\" content=\"index, follow, max-snippet:-1, max-image-preview:large, max-video-preview:-1\" \/>\n<link rel=\"canonical\" href=\"https:\/\/t-craft.ee\/sv\/\" \/>\n<meta property=\"og:locale\" content=\"sv_SE\" \/>\n<meta property=\"og:type\" content=\"article\" \/>\n<meta property=\"og:title\" content=\"T-CRAFT - Keevitust\u00f6\u00f6d, Metallit\u00f6\u00f6stus, \u00dcldehitus- ja montaa\u017eit\u00f6\u00f6d.\" \/>\n<meta property=\"og:description\" content=\"T-Craft O\u00dc on noor ettev\u00f5te, kuigi kokkupuude teraskonstruktsioonidega sai alguse 2011 aastal Inglismaal. Meie meeskond on tootmis- ja paigaldust\u00f6id teinud \u00fcle kogu Skandinaavia, ning omades aastatepikkust kogemust.\" \/>\n<meta property=\"og:url\" content=\"https:\/\/t-craft.ee\/sv\/\" \/>\n<meta property=\"og:site_name\" content=\"T-CRAFT\" \/>\n<meta property=\"article:modified_time\" content=\"2023-08-28T11:26:30+00:00\" \/>\n<meta property=\"og:image\" content=\"https:\/\/t-craft.ee\/wp-content\/uploads\/2022\/06\/cptcraft11-1.jpeg\" \/>\n\t<meta property=\"og:image:width\" content=\"1280\" \/>\n\t<meta property=\"og:image:height\" content=\"639\" \/>\n\t<meta property=\"og:image:type\" content=\"image\/jpeg\" \/>\n<meta name=\"twitter:card\" content=\"summary_large_image\" \/>\n<meta name=\"twitter:title\" content=\"T-CRAFT - Keevitust\u00f6\u00f6d, Metallit\u00f6\u00f6stus, \u00dcldehitus- ja montaa\u017eit\u00f6\u00f6d.\" \/>\n<meta name=\"twitter:description\" content=\"T-Craft O\u00dc on noor ettev\u00f5te, kuigi kokkupuude teraskonstruktsioonidega sai alguse 2011 aastal Inglismaal. Meie meeskond on tootmis- ja paigaldust\u00f6id teinud \u00fcle kogu Skandinaavia, ning omades aastatepikkust kogemust.\" \/>\n<meta name=\"twitter:image\" content=\"https:\/\/t-craft.ee\/wp-content\/uploads\/2022\/06\/cptcraft11-1.jpeg\" \/>\n<script type=\"application\/ld+json\" class=\"yoast-schema-graph\">{\"@context\":\"https:\/\/schema.org\",\"@graph\":[{\"@type\":\"WebPage\",\"@id\":\"https:\/\/t-craft.ee\/sv\/\",\"url\":\"https:\/\/t-craft.ee\/sv\/\",\"name\":\"T-CRAFT \u00e4r ett ungt f\u00f6retag, \u00e4ven om vi har b\u00f6rjat arbeta med st\u00e5lkonstruktioner med start i Storbritannien \u00e5r 2011.\",\"isPartOf\":{\"@id\":\"https:\/\/t-craft.ee\/#website\"},\"datePublished\":\"2022-11-01T09:56:13+00:00\",\"dateModified\":\"2023-08-28T11:26:30+00:00\",\"description\":\"V\u00e5rt team har utf\u00f6rt produktions- och konstruktionsarbeten \u00f6ver hela Skandinavien. V\u00e5ra medarbetare kan visa upp m\u00e5nga \u00e5r av erfarenhet.\",\"breadcrumb\":{\"@id\":\"https:\/\/t-craft.ee\/sv\/#breadcrumb\"},\"inLanguage\":\"sv-SE\",\"potentialAction\":[{\"@type\":\"ReadAction\",\"target\":[\"https:\/\/t-craft.ee\/sv\/\"]}]},{\"@type\":\"BreadcrumbList\",\"@id\":\"https:\/\/t-craft.ee\/sv\/#breadcrumb\",\"itemListElement\":[{\"@type\":\"ListItem\",\"position\":1,\"name\":\"Home\",\"item\":\"https:\/\/t-craft.ee\/sv\/\"},{\"@type\":\"ListItem\",\"position\":2,\"name\":\"Hem\"}]},{\"@type\":\"WebSite\",\"@id\":\"https:\/\/t-craft.ee\/#website\",\"url\":\"https:\/\/t-craft.ee\/\",\"name\":\"T-CRAFT\",\"description\":\"Keevitust\u00f6\u00f6d\",\"potentialAction\":[{\"@type\":\"SearchAction\",\"target\":{\"@type\":\"EntryPoint\",\"urlTemplate\":\"https:\/\/t-craft.ee\/?s={search_term_string}\"},\"query-input\":\"required name=search_term_string\"}],\"inLanguage\":\"sv-SE\"}]}<\/script>\n<!-- \/ Yoast SEO plugin. -->","yoast_head_json":{"title":"T-CRAFT \u00e4r ett ungt f\u00f6retag, \u00e4ven om vi har b\u00f6rjat arbeta med st\u00e5lkonstruktioner med start i Storbritannien \u00e5r 2011.","description":"V\u00e5rt team har utf\u00f6rt produktions- och konstruktionsarbeten \u00f6ver hela Skandinavien. V\u00e5ra medarbetare kan visa upp m\u00e5nga \u00e5r av erfarenhet.","robots":{"index":"index","follow":"follow","max-snippet":"max-snippet:-1","max-image-preview":"max-image-preview:large","max-video-preview":"max-video-preview:-1"},"canonical":"https:\/\/t-craft.ee\/sv\/","og_locale":"sv_SE","og_type":"article","og_title":"T-CRAFT - Keevitust\u00f6\u00f6d, Metallit\u00f6\u00f6stus, \u00dcldehitus- ja montaa\u017eit\u00f6\u00f6d.","og_description":"T-Craft O\u00dc on noor ettev\u00f5te, kuigi kokkupuude teraskonstruktsioonidega sai alguse 2011 aastal Inglismaal. Meie meeskond on tootmis- ja paigaldust\u00f6id teinud \u00fcle kogu Skandinaavia, ning omades aastatepikkust kogemust.","og_url":"https:\/\/t-craft.ee\/sv\/","og_site_name":"T-CRAFT","article_modified_time":"2023-08-28T11:26:30+00:00","og_image":[{"width":1280,"height":639,"url":"https:\/\/t-craft.ee\/wp-content\/uploads\/2022\/06\/cptcraft11-1.jpeg","type":"image\/jpeg"}],"twitter_card":"summary_large_image","twitter_title":"T-CRAFT - Keevitust\u00f6\u00f6d, Metallit\u00f6\u00f6stus, \u00dcldehitus- ja montaa\u017eit\u00f6\u00f6d.","twitter_description":"T-Craft O\u00dc on noor ettev\u00f5te, kuigi kokkupuude teraskonstruktsioonidega sai alguse 2011 aastal Inglismaal. Meie meeskond on tootmis- ja paigaldust\u00f6id teinud \u00fcle kogu Skandinaavia, ning omades aastatepikkust kogemust.","twitter_image":"https:\/\/t-craft.ee\/wp-content\/uploads\/2022\/06\/cptcraft11-1.jpeg","schema":{"@context":"https:\/\/schema.org","@graph":[{"@type":"WebPage","@id":"https:\/\/t-craft.ee\/sv\/","url":"https:\/\/t-craft.ee\/sv\/","name":"T-CRAFT \u00e4r ett ungt f\u00f6retag, \u00e4ven om vi har b\u00f6rjat arbeta med st\u00e5lkonstruktioner med start i Storbritannien \u00e5r 2011.","isPartOf":{"@id":"https:\/\/t-craft.ee\/#website"},"datePublished":"2022-11-01T09:56:13+00:00","dateModified":"2023-08-28T11:26:30+00:00","description":"V\u00e5rt team har utf\u00f6rt produktions- och konstruktionsarbeten \u00f6ver hela Skandinavien. V\u00e5ra medarbetare kan visa upp m\u00e5nga \u00e5r av erfarenhet.","breadcrumb":{"@id":"https:\/\/t-craft.ee\/sv\/#breadcrumb"},"inLanguage":"sv-SE","potentialAction":[{"@type":"ReadAction","target":["https:\/\/t-craft.ee\/sv\/"]}]},{"@type":"BreadcrumbList","@id":"https:\/\/t-craft.ee\/sv\/#breadcrumb","itemListElement":[{"@type":"ListItem","position":1,"name":"Home","item":"https:\/\/t-craft.ee\/sv\/"},{"@type":"ListItem","position":2,"name":"Hem"}]},{"@type":"WebSite","@id":"https:\/\/t-craft.ee\/#website","url":"https:\/\/t-craft.ee\/","name":"T-CRAFT","description":"Keevitust\u00f6\u00f6d","potentialAction":[{"@type":"SearchAction","target":{"@type":"EntryPoint","urlTemplate":"https:\/\/t-craft.ee\/?s={search_term_string}"},"query-input":"required name=search_term_string"}],"inLanguage":"sv-SE"}]}},"_links":{"self":[{"href":"https:\/\/t-craft.ee\/sv\/wp-json\/wp\/v2\/pages\/2433"}],"collection":[{"href":"https:\/\/t-craft.ee\/sv\/wp-json\/wp\/v2\/pages"}],"about":[{"href":"https:\/\/t-craft.ee\/sv\/wp-json\/wp\/v2\/types\/page"}],"author":[{"embeddable":true,"href":"https:\/\/t-craft.ee\/sv\/wp-json\/wp\/v2\/users\/1"}],"replies":[{"embeddable":true,"href":"https:\/\/t-craft.ee\/sv\/wp-json\/wp\/v2\/comments?post=2433"}],"version-history":[{"count":3,"href":"https:\/\/t-craft.ee\/sv\/wp-json\/wp\/v2\/pages\/2433\/revisions"}],"predecessor-version":[{"id":2490,"href":"https:\/\/t-craft.ee\/sv\/wp-json\/wp\/v2\/pages\/2433\/revisions\/2490"}],"wp:attachment":[{"href":"https:\/\/t-craft.ee\/sv\/wp-json\/wp\/v2\/media?parent=2433"}],"curies":[{"name":"wp","href":"https:\/\/api.w.org\/{rel}","templated":true}]}}